{"id":11699,"date":"2026-04-09T15:13:31","date_gmt":"2026-04-09T15:13:31","guid":{"rendered":"https:\/\/frutana.com.ec\/?page_id=11699"},"modified":"2026-04-09T15:16:52","modified_gmt":"2026-04-09T15:16:52","slug":"supplier-quality-liability-terms","status":"publish","type":"page","link":"https:\/\/frutana.com.ec\/es\/supplier-quality-liability-terms\/","title":{"rendered":"Supplier Quality &#038; Liability Terms"},"content":{"rendered":"<div data-elementor-type=\"wp-page\" data-elementor-id=\"11699\" class=\"elementor elementor-11699\" data-elementor-post-type=\"page\">\n\t\t\t\t<div class=\"elementor-element elementor-element-84ec195 e-flex e-con-boxed e-con e-parent\" data-id=\"84ec195\" data-element_type=\"container\" data-e-type=\"container\">\t\t\t<div class=\"e-con-inner\">\r\n\t\t\t\t<div class=\"elementor-element elementor-element-97237dc elementor-widget elementor-widget-text-editor\" data-id=\"97237dc\" data-element_type=\"widget\" data-e-type=\"widget\" data-widget_type=\"text-editor.default\">\n\t\t\t\t<div class=\"elementor-widget-container\">\n\t\t\t\t\t\t\t\t\t<h3 style=\"font-size: 22px; font-weight: bold; margin-bottom: 15px; color: #000;\">SUPPLIER QUALITY &#038; LIABILITY TERMS<\/h3>\n<p><strong>Last Updated:<\/strong> 10 December 2023<\/p>\n\n<hr style=\"margin: 20px 0; border: 0; border-top: 1px solid #ddd;\" \/>\n\n<h4 style=\"font-size: 18px; font-weight: bold; margin-bottom: 10px; color: #333;\">1. Declaraci\u00f3n de Calidad<\/h4>\nEL PRODUCTOR Y\/O COMERCIADOR (en adelante, &#8220;EL PROVEEDOR&#8221;) declara y garantiza que la fruta entregada cumple con los est\u00e1ndares de calidad de exportaci\u00f3n acordados.\n\n<hr style=\"margin: 20px 0; border: 0; border-top: 1px solid #ddd;\" \/>\n\n<h4 style=\"font-size: 18px; font-weight: bold; margin-bottom: 10px; color: #333;\">2. Responsabilidad en Reclamos de Destino<\/h4>\nEn caso de reclamos debidamente sustentados que se originen en la condici\u00f3n del producto previo al embarque, EL PROVEEDOR ser\u00e1 responsable de:\n<ul>\n \t<li>Reembolsar total o parcialmente el valor de la fruta afectada.<\/li>\n \t<li>Asumir p\u00e9rdidas comerciales derivadas del reclamo.<\/li>\n \t<li>Compensar al exportador en la siguiente liquidaci\u00f3n o mediante pago directo.<\/li>\n<\/ul>\n\n<hr style=\"margin: 20px 0; border: 0; border-top: 1px solid #ddd;\" \/>\n\n<h4 style=\"font-size: 18px; font-weight: bold; margin-bottom: 10px; color: #333;\">3. Gastos Deducibles por Reclamo<\/h4>\nEl exportador tendr\u00e1 derecho a descontar cualquier valor reclamado por el cliente final, incluyendo:\n<ul>\n \t<li>Flete.<\/li>\n \t<li>P\u00e9rdida de ganancia (lucro cesante).<\/li>\n \t<li>Penalidades comerciales.<\/li>\n<\/ul>\n\n<hr style=\"margin: 20px 0; border: 0; border-top: 1px solid #ddd;\" \/>\n\n<h4 style=\"font-size: 18px; font-weight: bold; margin-bottom: 10px; color: #333;\">4. Fallas en Materiales y Empaque<\/h4>\nEn caso de fallas relacionadas con cajas o materiales, EL PROVEEDOR asumir\u00e1:\n<ul>\n \t<li>El valor de las cajas afectadas.<\/li>\n \t<li>El costo del flete correspondiente.<\/li>\n \t<li>Cualquier descuento aplicado por el cliente en destino.<\/li>\n<\/ul>\n\n<hr style=\"margin: 20px 0; border: 0; border-top: 1px solid #ddd;\" \/>\n\n<h4 style=\"font-size: 18px; font-weight: bold; margin-bottom: 10px; color: #333;\">5. Retenci\u00f3n y Compensaci\u00f3n<\/h4>\nEl exportador se reserva el derecho de retener, descontar o compensar cualquier valor pendiente en futuras liquidaciones. El pago de una liquidaci\u00f3n no elimina la responsabilidad de EL PROVEEDOR sobre la calidad.\n\n<hr style=\"margin: 20px 0; border: 0; border-top: 1px solid #ddd;\" \/>\n\n<h4 style=\"font-size: 18px; font-weight: bold; margin-bottom: 10px; color: #333;\">6. Plazo de Reclamos<\/h4>\nEl exportador podr\u00e1 presentar reclamos dentro de un plazo de hasta quince (15) d\u00edas posteriores a la llegada de la mercanc\u00eda al destino.\n\n<hr style=\"margin: 20px 0; border: 0; border-top: 1px solid #ddd;\" \/>\n\n<h4 style=\"font-size: 18px; font-weight: bold; margin-bottom: 10px; color: #333;\">7. Aceptaci\u00f3n Total<\/h4>\nLa aceptaci\u00f3n y\/o firma de cualquier liquidaci\u00f3n implica la aceptaci\u00f3n total de las presentes condiciones.\t\t\t\t\t\t\t\t<\/div>\n\t\t\t\t<\/div>\n\t\t\t\t\t<\/div>\r\n\t\t\t\t<\/div>\r\n\t\t\t\t<\/div>","protected":false},"excerpt":{"rendered":"<p>SUPPLIER QUALITY &#038; LIABILITY TERMS Last Updated: 10 December 2023 1. Declaraci\u00f3n de Calidad EL PRODUCTOR Y\/O COMERCIADOR (en adelante, &#8220;EL PROVEEDOR&#8221;) declara y garantiza que la fruta entregada cumple con los est\u00e1ndares de calidad de exportaci\u00f3n acordados. 2. Responsabilidad en Reclamos de Destino En caso de reclamos debidamente sustentados que se originen en la [&hellip;]<\/p>\n","protected":false},"author":1,"featured_media":0,"parent":0,"menu_order":0,"comment_status":"closed","ping_status":"closed","template":"","meta":{"_acf_changed":false,"footnotes":""},"class_list":["post-11699","page","type-page","status-publish","hentry"],"acf":[],"_links":{"self":[{"href":"https:\/\/frutana.com.ec\/es\/wp-json\/wp\/v2\/pages\/11699","targetHints":{"allow":["GET"]}}],"collection":[{"href":"https:\/\/frutana.com.ec\/es\/wp-json\/wp\/v2\/pages"}],"about":[{"href":"https:\/\/frutana.com.ec\/es\/wp-json\/wp\/v2\/types\/page"}],"author":[{"embeddable":true,"href":"https:\/\/frutana.com.ec\/es\/wp-json\/wp\/v2\/users\/1"}],"replies":[{"embeddable":true,"href":"https:\/\/frutana.com.ec\/es\/wp-json\/wp\/v2\/comments?post=11699"}],"version-history":[{"count":4,"href":"https:\/\/frutana.com.ec\/es\/wp-json\/wp\/v2\/pages\/11699\/revisions"}],"predecessor-version":[{"id":11706,"href":"https:\/\/frutana.com.ec\/es\/wp-json\/wp\/v2\/pages\/11699\/revisions\/11706"}],"wp:attachment":[{"href":"https:\/\/frutana.com.ec\/es\/wp-json\/wp\/v2\/media?parent=11699"}],"curies":[{"name":"wp","href":"https:\/\/api.w.org\/{rel}","templated":true}]}}